{"id":665,"date":"2014-01-04T23:31:28","date_gmt":"2014-01-04T21:31:28","guid":{"rendered":"http:\/\/www.poetik.ch\/?page_id=665"},"modified":"2022-01-11T18:02:11","modified_gmt":"2022-01-11T16:02:11","slug":"kindergebet","status":"publish","type":"page","link":"https:\/\/www.poetik.ch\/?page_id=665","title":{"rendered":"F\u00fcr Kinder"},"content":{"rendered":"<pre><strong>Kindergebete<\/strong><\/pre>\n<h1>Zu singen:<\/h1>\n<p>Liebe Gott, chum i mis Ohr, ich will dir \u00f6pis s\u00e4ge: W\u00e4nn d&#8217;Sunne z&#8217;abig untergaht, sitzt d&#8217;Amsle uf em Ascht parat, singt dir es Lied zur Fr\u00f6id.<\/p>\n<p>Liebe Gott chum i mis Aug ich will dir \u00f6pis zeige: W\u00e4nn s&#8217;Sunneliecht de Morge weckt, es Bl\u00fcemli sini Blettli streckt, treit&#8217;s dir es Chleid zur Fr\u00f6id.<\/p>\n<p>Liebe Gott chum i mis Herz, ich will dich \u00f6pis bitte: Bis du &#8211; eso wie au bi mir &#8211; bi allne liebe M\u00e4nsche, das niemer Hunger und Chalt mues ha, ich will alli Tag zu ihne stah, und l\u00e4be dir zur Fr\u00f6id.<\/p>\n<h1>Abendgebet:<\/h1>\n<p>Liebe Gott, mir h\u00e4nd dich gern<br \/>\nDu l\u00fc\u00fcchtisch\u00a0wie de Aabigstern<br \/>\nDu bisch\u00a0de w\u00e4rmschti\u00a0Sunnestrahl<br \/>\nbisch unsichtbar \u00fcberall<br \/>\nMir danked, dass\u00a0Du eus\u00a0beh\u00fcetisch<br \/>\ndass Du all Tag zu eus\u00a0so guet\u00a0bisch<br \/>\nund dass du eus\u00a0en\u00a0\u00c4ngel\u00a0schicksch<br \/>\nund jede Tag neu&#8217;s L\u00e4be gisch.<br \/>\nAmen<\/p>\n<p>&nbsp;<\/p>\n<p>&nbsp;<\/p>\n<h1><\/h1>\n<pre><strong><span style=\"font-family: Courier New;\">Spr\u00fcchlein f\u00fcr Kinder<\/span><\/strong><\/pre>\n<h4><strong>Es Schneefl\u00f6ckli<\/strong><\/h4>\n<p>Am schneewiisse H\u00e4sli<br \/>\nes Fl\u00f6ckli ufs N\u00e4sli<br \/>\nAm schneewiisse T\u00fcbli<br \/>\nus Flocke es H\u00fcbli<br \/>\nAm schneewiisse M\u00fc\u00fcsli<br \/>\nes Schneedach ufs H\u00fc\u00fcsli<br \/>\nDe schneewiissi Wolf<br \/>\nkriegt en Schneeball, d\u00e4 Strolch<\/p>\n<p>&nbsp;<\/p>\n<p>&nbsp;<\/p>\n","protected":false},"excerpt":{"rendered":"<p>Kindergebete Zu singen: Liebe Gott, chum i mis Ohr, ich will dir \u00f6pis s\u00e4ge: W\u00e4nn d&#8217;Sunne z&#8217;abig untergaht, sitzt d&#8217;Amsle uf em Ascht parat, singt dir es Lied zur Fr\u00f6id. Liebe Gott chum i mis Aug ich will dir \u00f6pis zeige: W\u00e4nn s&#8217;Sunneliecht de Morge weckt, es Bl\u00fcemli sini Blettli streckt, treit&#8217;s dir es Chleid &hellip; <a href=\"https:\/\/www.poetik.ch\/?page_id=665\" class=\"more-link\"><span class=\"screen-reader-text\">F\u00fcr Kinder<\/span> weiterlesen <span class=\"meta-nav\">&rarr;<\/span><\/a><\/p>\n","protected":false},"author":2,"featured_media":0,"parent":505,"menu_order":0,"comment_status":"open","ping_status":"closed","template":"","meta":{"footnotes":""},"class_list":["post-665","page","type-page","status-publish","hentry"],"jetpack_sharing_enabled":true,"_links":{"self":[{"href":"https:\/\/www.poetik.ch\/index.php?rest_route=\/wp\/v2\/pages\/665","targetHints":{"allow":["GET"]}}],"collection":[{"href":"https:\/\/www.poetik.ch\/index.php?rest_route=\/wp\/v2\/pages"}],"about":[{"href":"https:\/\/www.poetik.ch\/index.php?rest_route=\/wp\/v2\/types\/page"}],"author":[{"embeddable":true,"href":"https:\/\/www.poetik.ch\/index.php?rest_route=\/wp\/v2\/users\/2"}],"replies":[{"embeddable":true,"href":"https:\/\/www.poetik.ch\/index.php?rest_route=%2Fwp%2Fv2%2Fcomments&post=665"}],"version-history":[{"count":14,"href":"https:\/\/www.poetik.ch\/index.php?rest_route=\/wp\/v2\/pages\/665\/revisions"}],"predecessor-version":[{"id":1624,"href":"https:\/\/www.poetik.ch\/index.php?rest_route=\/wp\/v2\/pages\/665\/revisions\/1624"}],"up":[{"embeddable":true,"href":"https:\/\/www.poetik.ch\/index.php?rest_route=\/wp\/v2\/pages\/505"}],"wp:attachment":[{"href":"https:\/\/www.poetik.ch\/index.php?rest_route=%2Fwp%2Fv2%2Fmedia&parent=665"}],"curies":[{"name":"wp","href":"https:\/\/api.w.org\/{rel}","templated":true}]}}