{"id":258,"date":"2012-12-04T22:51:57","date_gmt":"2012-12-04T20:51:57","guid":{"rendered":"http:\/\/www.poetik.ch\/?page_id=258"},"modified":"2014-03-05T09:56:30","modified_gmt":"2014-03-05T07:56:30","slug":"texte","status":"publish","type":"page","link":"https:\/\/www.poetik.ch\/?page_id=258","title":{"rendered":"Texte"},"content":{"rendered":"<p>Texte sind geflochtene Worte. Zu Gebilden verwobene Sprache. Dicht gewirkte Wirklichkeit.<\/p>\n<p>Texte heben das Innere des Menschen empor zum inneren Erleben von Welt, Umwelt und fremder Innenwelt.<\/p>\n<p>Texte sind Br\u00fccken. Br\u00fccken zwischen mir und dir, zwischen Geist und Welt, zwischen\u00a0 Gestern und Morgen. Du kannst auf ihnen gehen und im Gehen neue Dinge sehen oder Dinge neu sehen oder Dinge werden sehen oder du siehst die Dinge werden, ganz\u00a0wie du willst<\/p>\n<p>Texte sind Fahrst\u00fchle die mit uns abtauchen in Untergr\u00fcnde und auffahren in hohe Sph\u00e4ren. Sie sind Schnellz\u00fcge die uns an wichtige Orte f\u00fchren, Schiffe, die uns zu anderen Kulturen bringen, Raumschiffe, die uns mit fremden Welten verbinden.<\/p>\n<p>Texte vermitteln zwischen mir und dir, zwischen mir und Welt.<\/p>\n<p>Texte f\u00fchren das Denken.<\/p>\n<p>Texte schaffen Kultur durch ihr Verm\u00f6gen, individuelles und allgemeines in einen Zusammenhang zu stellen.<\/p>\n<p>Texte bilden Welt und damit Zukunft.<\/p>\n<p>Texte stiften Moral.<\/p>\n<p>Texte geben Halt. Sie k\u00f6nnen zerstreuen und konzentrieren.<\/p>\n<p>Texte sind geistige Stofflichkeit.<\/p>\n<p>Texte sind Br\u00fccken. Sie verbinden das geistige im Menschen mit dem geistigen in der Welt.<\/p>\n<p>Texte sind und hinterlassen Spuren.<\/p>\n<p>Texte sind m\u00e4chtig.<\/p>\n<p>&nbsp;<\/p>\n<p>Lengwil, 4. Dezember 2012, J\u00fcrg Bregenzer<\/p>\n","protected":false},"excerpt":{"rendered":"<p>Texte sind geflochtene Worte. Zu Gebilden verwobene Sprache. Dicht gewirkte Wirklichkeit. Texte heben das Innere des Menschen empor zum inneren Erleben von Welt, Umwelt und fremder Innenwelt. Texte sind Br\u00fccken. Br\u00fccken zwischen mir und dir, zwischen Geist und Welt, zwischen\u00a0 Gestern und Morgen. Du kannst auf ihnen gehen und im Gehen neue Dinge sehen oder &hellip; <a href=\"https:\/\/www.poetik.ch\/?page_id=258\" class=\"more-link\"><span class=\"screen-reader-text\">Texte<\/span> weiterlesen <span class=\"meta-nav\">&rarr;<\/span><\/a><\/p>\n","protected":false},"author":2,"featured_media":0,"parent":0,"menu_order":0,"comment_status":"open","ping_status":"open","template":"","meta":{"footnotes":""},"class_list":["post-258","page","type-page","status-publish","hentry"],"jetpack_sharing_enabled":true,"_links":{"self":[{"href":"https:\/\/www.poetik.ch\/index.php?rest_route=\/wp\/v2\/pages\/258","targetHints":{"allow":["GET"]}}],"collection":[{"href":"https:\/\/www.poetik.ch\/index.php?rest_route=\/wp\/v2\/pages"}],"about":[{"href":"https:\/\/www.poetik.ch\/index.php?rest_route=\/wp\/v2\/types\/page"}],"author":[{"embeddable":true,"href":"https:\/\/www.poetik.ch\/index.php?rest_route=\/wp\/v2\/users\/2"}],"replies":[{"embeddable":true,"href":"https:\/\/www.poetik.ch\/index.php?rest_route=%2Fwp%2Fv2%2Fcomments&post=258"}],"version-history":[{"count":5,"href":"https:\/\/www.poetik.ch\/index.php?rest_route=\/wp\/v2\/pages\/258\/revisions"}],"predecessor-version":[{"id":735,"href":"https:\/\/www.poetik.ch\/index.php?rest_route=\/wp\/v2\/pages\/258\/revisions\/735"}],"wp:attachment":[{"href":"https:\/\/www.poetik.ch\/index.php?rest_route=%2Fwp%2Fv2%2Fmedia&parent=258"}],"curies":[{"name":"wp","href":"https:\/\/api.w.org\/{rel}","templated":true}]}}