{"id":2,"date":"2012-02-15T08:57:58","date_gmt":"2012-02-15T06:57:58","guid":{"rendered":"http:\/\/juerg.alpha.openspace.ch\/?page_id=2"},"modified":"2018-05-24T14:32:44","modified_gmt":"2018-05-24T12:32:44","slug":"ueber-mich","status":"publish","type":"page","link":"https:\/\/www.poetik.ch\/?page_id=2","title":{"rendered":"Urheber"},"content":{"rendered":"<p>Unter &#8222;Home&#8220; findest du J\u00fcrgs Gedichte und Gedanken. Du kannst unter \\Kategorie .. nach Themen suchen oder im Suchfeld ein Stichwort eingeben oder ganz einfach von oben nach unten scrollen und so die Eintr\u00e4ge von j\u00fcngerem bis \u00e4lterem Datum anschauen.<\/p>\n<p>Gedanken sind zum weiterdenken,\u00a0Gedichte zum weiterschenken.<\/p>\n<p>Wenn du meine Gedichte und Texte oder Teile daraus weiterverwenden m\u00f6chtest, schreibe meinen Namen als Urheber dazu, dann darfst du meine Texte gerne verwenden. Einzige die kommerzielle Verwendung dieser Texte, auch auszugsweise,\u00a0bedarf der schriftlichen Genehmigung\u00a0durch den\u00a0Verfasser.<\/p>\n<p>J\u00fcrg Bregenzer<\/p>\n","protected":false},"excerpt":{"rendered":"<p>Unter &#8222;Home&#8220; findest du J\u00fcrgs Gedichte und Gedanken. Du kannst unter \\Kategorie .. nach Themen suchen oder im Suchfeld ein Stichwort eingeben oder ganz einfach von oben nach unten scrollen und so die Eintr\u00e4ge von j\u00fcngerem bis \u00e4lterem Datum anschauen. Gedanken sind zum weiterdenken,\u00a0Gedichte zum weiterschenken. Wenn du meine Gedichte und Texte oder Teile daraus &hellip; <a href=\"https:\/\/www.poetik.ch\/?page_id=2\" class=\"more-link\"><span class=\"screen-reader-text\">Urheber<\/span> weiterlesen <span class=\"meta-nav\">&rarr;<\/span><\/a><\/p>\n","protected":false},"author":2,"featured_media":0,"parent":0,"menu_order":0,"comment_status":"open","ping_status":"closed","template":"","meta":{"footnotes":""},"class_list":["post-2","page","type-page","status-publish","hentry"],"jetpack_sharing_enabled":true,"_links":{"self":[{"href":"https:\/\/www.poetik.ch\/index.php?rest_route=\/wp\/v2\/pages\/2","targetHints":{"allow":["GET"]}}],"collection":[{"href":"https:\/\/www.poetik.ch\/index.php?rest_route=\/wp\/v2\/pages"}],"about":[{"href":"https:\/\/www.poetik.ch\/index.php?rest_route=\/wp\/v2\/types\/page"}],"author":[{"embeddable":true,"href":"https:\/\/www.poetik.ch\/index.php?rest_route=\/wp\/v2\/users\/2"}],"replies":[{"embeddable":true,"href":"https:\/\/www.poetik.ch\/index.php?rest_route=%2Fwp%2Fv2%2Fcomments&post=2"}],"version-history":[{"count":21,"href":"https:\/\/www.poetik.ch\/index.php?rest_route=\/wp\/v2\/pages\/2\/revisions"}],"predecessor-version":[{"id":1339,"href":"https:\/\/www.poetik.ch\/index.php?rest_route=\/wp\/v2\/pages\/2\/revisions\/1339"}],"wp:attachment":[{"href":"https:\/\/www.poetik.ch\/index.php?rest_route=%2Fwp%2Fv2%2Fmedia&parent=2"}],"curies":[{"name":"wp","href":"https:\/\/api.w.org\/{rel}","templated":true}]}}