{"id":157,"date":"2012-10-03T23:38:03","date_gmt":"2012-10-03T21:38:03","guid":{"rendered":"http:\/\/juerg.alpha.openspace.ch\/?page_id=157"},"modified":"2026-01-22T11:36:38","modified_gmt":"2026-01-22T09:36:38","slug":"uber-mich","status":"publish","type":"page","link":"https:\/\/www.poetik.ch\/?page_id=157","title":{"rendered":"\u00dcber mich"},"content":{"rendered":"<blockquote>\r\n<p style=\"text-align: center;\"><a href=\"https:\/\/www.poetik.ch\/wp-content\/uploads\/2022\/01\/20211015_081748-scaled.jpg\"><img loading=\"lazy\" decoding=\"async\" class=\"aligncenter size-medium wp-image-1628\" src=\"https:\/\/www.poetik.ch\/wp-content\/uploads\/2022\/01\/20211015_081748-225x300.jpg\" alt=\"\" width=\"225\" height=\"300\" srcset=\"https:\/\/www.poetik.ch\/wp-content\/uploads\/2022\/01\/20211015_081748-225x300.jpg 225w, https:\/\/www.poetik.ch\/wp-content\/uploads\/2022\/01\/20211015_081748-768x1024.jpg 768w, https:\/\/www.poetik.ch\/wp-content\/uploads\/2022\/01\/20211015_081748-1152x1536.jpg 1152w, https:\/\/www.poetik.ch\/wp-content\/uploads\/2022\/01\/20211015_081748-1536x2048.jpg 1536w, https:\/\/www.poetik.ch\/wp-content\/uploads\/2022\/01\/20211015_081748-scaled.jpg 1920w\" sizes=\"auto, (max-width: 225px) 100vw, 225px\" \/><\/a>SRF1 &#8222;Pers\u00f6nlich&#8220; vom 30. M\u00e4rz 2014<br \/>Anita Richner im Gespr\u00e4ch mit Priska Sieber und J\u00fcrg Bregenzer<\/p>\r\n<\/blockquote>\r\n<!--[if lt IE 9]><script>document.createElement('audio');<\/script><![endif]-->\n<audio class=\"wp-audio-shortcode\" id=\"audio-157-1\" preload=\"none\" style=\"width: 100%;\" controls=\"controls\"><source type=\"audio\/mpeg\" src=\"https:\/\/www.poetik.ch\/wp-content\/uploads\/2012\/10\/Persoenlich_30-03-2014-1003.4.mp3?_=1\" \/><a href=\"https:\/\/www.poetik.ch\/wp-content\/uploads\/2012\/10\/Persoenlich_30-03-2014-1003.4.mp3\">https:\/\/www.poetik.ch\/wp-content\/uploads\/2012\/10\/Persoenlich_30-03-2014-1003.4.mp3<\/a><\/audio>\r\n<p style=\"text-align: center;\">\u00a0<\/p>\r\n<p>J\u00fcrg Bregenzer<br \/>B\u00fchlstrasse 12<br \/>CH-8574 Lengwil<\/p>\r\n<p><a href=\"mailto:juerg.bregenzer@poetik.ch\">juerg.bregenzer@poetik.ch<\/a><\/p>\r\n<p>Die Lebensdaten in der \u00dcbersicht<\/p>\r\n<ul>\r\n<li>Vater von Christoff, Jonas, Florin, Benjamin, David und Anna,<\/li>\r\n<li>Grossvater von Jalynn und Noe, Amesh und Idush, Jaro und Lean, Jona<\/li>\r\n<li>verheiratet mit Marianne,<\/li>\r\n<li>Pianist (Jazzquartett JAZZLABOR \/ Jazztrio JYM<\/li>\r\n<li>Seit Juni 2021 pensioniert<\/li>\r\n<li>2013 Vorsitzender der Institutionsleitung Ekkharthof<\/li>\r\n<li>2008 Master Institutionen leiten und entwickeln (MAS Hochschule f\u00fcr Heilp\u00e4dagogik),<\/li>\r\n<li>2006 &#8211; 2010 Kirchenpr\u00e4sident Evangelische Kirchgemeinde Lengwil<\/li>\r\n<li>2002 NDS\u00a0Leiten und entwickeln von heilp\u00e4dagogischen einrichtungen,<\/li>\r\n<li>seit ca. 2000 Organist Kirchgemeinde Lengwil,<\/li>\r\n<li>seit 1991 &#8211; 2013 Schul- und Heimleiter, Sonderschulheim\u00a0Ekkharthof\u00a0Lengwil,<\/li>\r\n<li>Keyboarder Tanzduo Olo\u2019S,<\/li>\r\n<li>seit 1995 Freizeitkapit\u00e4n,<\/li>\r\n<li>1981 &#8211; 1996 Klassenlehrer Ekkharthof\u00a0Lengwil,<\/li>\r\n<li>1982 &#8211; 1987 Leiter Junge Kirche Weinfelden,<\/li>\r\n<li>1987 Diplom SHP am Heilp\u00e4dagogischen Seminar Z\u00fcrich<br \/>(heute Hochschule f\u00fcr Heilp\u00e4dagogik HfH),<\/li>\r\n<li>1980 &#8211; 1985 Pr\u00e4sident Verein &#8222;Kind und Jugend&#8220; Weinfelden,<\/li>\r\n<li>1979 &#8211; 1981 Co-Leiter st\u00e4dtisches Jugendhaus Winterthur,<\/li>\r\n<li>1976 &#8211; 1980 Akademie f\u00fcr fig\u00fcrliches Zeichnen bei Peter Grenacher,<\/li>\r\n<li>1977 &#8211; 1979 Werklehrerseminar an der Kunstgewerbeschule Z\u00fcrich (heute Hochschule der K\u00fcnste, HdK),<\/li>\r\n<li>1972 &#8211; 1975 Lehre als M\u00f6belschreiner, Cochard\u00a0Mettmenstetten,<\/li>\r\n<li>Geboren am 17.5.1956 in Affoltern am Albis <br \/><span style=\"color: #ffffff;\">gg<\/span>\r\n<div id='gallery-1' class='gallery galleryid-157 gallery-columns-3 gallery-size-thumbnail'><figure class='gallery-item'>\n\t\t\t<div class='gallery-icon landscape'>\n\t\t\t\t<a href='https:\/\/www.poetik.ch\/?attachment_id=170'><img loading=\"lazy\" decoding=\"async\" width=\"150\" height=\"150\" src=\"https:\/\/www.poetik.ch\/wp-content\/uploads\/2012\/10\/P10204311-150x150.jpg\" class=\"attachment-thumbnail size-thumbnail\" alt=\"\" \/><\/a>\n\t\t\t<\/div><\/figure><figure class='gallery-item'>\n\t\t\t<div class='gallery-icon landscape'>\n\t\t\t\t<a href='https:\/\/www.poetik.ch\/?attachment_id=171'><img loading=\"lazy\" decoding=\"async\" width=\"150\" height=\"150\" src=\"https:\/\/www.poetik.ch\/wp-content\/uploads\/2012\/10\/P10204531-150x150.jpg\" class=\"attachment-thumbnail size-thumbnail\" alt=\"\" \/><\/a>\n\t\t\t<\/div><\/figure><figure class='gallery-item'>\n\t\t\t<div class='gallery-icon landscape'>\n\t\t\t\t<a href='https:\/\/www.poetik.ch\/?attachment_id=178'><img loading=\"lazy\" decoding=\"async\" width=\"150\" height=\"150\" src=\"https:\/\/www.poetik.ch\/wp-content\/uploads\/2012\/10\/P1020541-150x150.jpg\" class=\"attachment-thumbnail size-thumbnail\" alt=\"\" \/><\/a>\n\t\t\t<\/div><\/figure><figure class='gallery-item'>\n\t\t\t<div class='gallery-icon landscape'>\n\t\t\t\t<a href='https:\/\/www.poetik.ch\/?attachment_id=182'><img loading=\"lazy\" decoding=\"async\" width=\"150\" height=\"150\" src=\"https:\/\/www.poetik.ch\/wp-content\/uploads\/2012\/10\/P1020236-150x150.jpg\" class=\"attachment-thumbnail size-thumbnail\" alt=\"\" \/><\/a>\n\t\t\t<\/div><\/figure><figure class='gallery-item'>\n\t\t\t<div class='gallery-icon landscape'>\n\t\t\t\t<a href='https:\/\/www.poetik.ch\/?attachment_id=185'><img loading=\"lazy\" decoding=\"async\" width=\"150\" height=\"150\" src=\"https:\/\/www.poetik.ch\/wp-content\/uploads\/2012\/10\/Kapit\u00e4n-J\u00fcrg-150x150.png\" class=\"attachment-thumbnail size-thumbnail\" alt=\"\" \/><\/a>\n\t\t\t<\/div><\/figure><figure class='gallery-item'>\n\t\t\t<div class='gallery-icon landscape'>\n\t\t\t\t<a href='https:\/\/www.poetik.ch\/?attachment_id=487'><img loading=\"lazy\" decoding=\"async\" width=\"150\" height=\"150\" src=\"https:\/\/www.poetik.ch\/wp-content\/uploads\/2013\/08\/cropped-poetik-gedichte-150x150.jpg\" class=\"attachment-thumbnail size-thumbnail\" alt=\"\" aria-describedby=\"gallery-1-487\" \/><\/a>\n\t\t\t<\/div>\n\t\t\t\t<figcaption class='wp-caption-text gallery-caption' id='gallery-1-487'>\n\t\t\t\tAltnau\n\t\t\t\t<\/figcaption><\/figure><figure class='gallery-item'>\n\t\t\t<div class='gallery-icon portrait'>\n\t\t\t\t<a href='https:\/\/www.poetik.ch\/?attachment_id=1626'><img loading=\"lazy\" decoding=\"async\" width=\"150\" height=\"150\" src=\"https:\/\/www.poetik.ch\/wp-content\/uploads\/2022\/01\/20211015_081749-150x150.jpg\" class=\"attachment-thumbnail size-thumbnail\" alt=\"\" \/><\/a>\n\t\t\t<\/div><\/figure><figure class='gallery-item'>\n\t\t\t<div class='gallery-icon portrait'>\n\t\t\t\t<a href='https:\/\/www.poetik.ch\/?attachment_id=1627'><img loading=\"lazy\" decoding=\"async\" width=\"150\" height=\"150\" src=\"https:\/\/www.poetik.ch\/wp-content\/uploads\/2022\/01\/20211015_0817490-150x150.jpg\" class=\"attachment-thumbnail size-thumbnail\" alt=\"\" \/><\/a>\n\t\t\t<\/div><\/figure><figure class='gallery-item'>\n\t\t\t<div class='gallery-icon portrait'>\n\t\t\t\t<a href='https:\/\/www.poetik.ch\/?attachment_id=1628'><img loading=\"lazy\" decoding=\"async\" width=\"150\" height=\"150\" src=\"https:\/\/www.poetik.ch\/wp-content\/uploads\/2022\/01\/20211015_081748-150x150.jpg\" class=\"attachment-thumbnail size-thumbnail\" alt=\"\" \/><\/a>\n\t\t\t<\/div><\/figure><figure class='gallery-item'>\n\t\t\t<div class='gallery-icon portrait'>\n\t\t\t\t<a href='https:\/\/www.poetik.ch\/?attachment_id=1636'><img loading=\"lazy\" decoding=\"async\" width=\"150\" height=\"150\" src=\"https:\/\/www.poetik.ch\/wp-content\/uploads\/2022\/01\/20210719_112334-150x150.jpg\" class=\"attachment-thumbnail size-thumbnail\" alt=\"\" \/><\/a>\n\t\t\t<\/div><\/figure>\n\t\t<\/div>\n\r\n<\/li>\r\n<\/ul>\r\n\r\n<p>&nbsp;<\/p>\r\n\r\n\r\n\r\n<figure class=\"wp-block-embed-youtube wp-block-embed is-type-video is-provider-youtube wp-embed-aspect-16-9 wp-has-aspect-ratio\">\r\n<div class=\"wp-block-embed__wrapper\">https:\/\/youtu.be\/zEPGSYa9x2E<\/div>\r\n<\/figure>\r\n<div>https:\/\/www.poetik.ch\/wp-content\/uploads\/2023\/12\/ZOOM0002.mp3<\/div>\r\n","protected":false},"excerpt":{"rendered":"<p>SRF1 &#8222;Pers\u00f6nlich&#8220; vom 30. M\u00e4rz 2014Anita Richner im Gespr\u00e4ch mit Priska Sieber und J\u00fcrg Bregenzer \u00a0 J\u00fcrg BregenzerB\u00fchlstrasse 12CH-8574 Lengwil juerg.bregenzer@poetik.ch Die Lebensdaten in der \u00dcbersicht Vater von Christoff, Jonas, Florin, Benjamin, David und Anna, Grossvater von Jalynn und Noe, Amesh und Idush, Jaro und Lean, Jona verheiratet mit Marianne, Pianist (Jazzquartett JAZZLABOR \/ Jazztrio &hellip; <a href=\"https:\/\/www.poetik.ch\/?page_id=157\" class=\"more-link\"><span class=\"screen-reader-text\">\u00dcber mich<\/span> weiterlesen <span class=\"meta-nav\">&rarr;<\/span><\/a><\/p>\n","protected":false},"author":2,"featured_media":185,"parent":0,"menu_order":4,"comment_status":"open","ping_status":"closed","template":"","meta":{"footnotes":""},"class_list":["post-157","page","type-page","status-publish","has-post-thumbnail","hentry"],"jetpack_sharing_enabled":true,"_links":{"self":[{"href":"https:\/\/www.poetik.ch\/index.php?rest_route=\/wp\/v2\/pages\/157","targetHints":{"allow":["GET"]}}],"collection":[{"href":"https:\/\/www.poetik.ch\/index.php?rest_route=\/wp\/v2\/pages"}],"about":[{"href":"https:\/\/www.poetik.ch\/index.php?rest_route=\/wp\/v2\/types\/page"}],"author":[{"embeddable":true,"href":"https:\/\/www.poetik.ch\/index.php?rest_route=\/wp\/v2\/users\/2"}],"replies":[{"embeddable":true,"href":"https:\/\/www.poetik.ch\/index.php?rest_route=%2Fwp%2Fv2%2Fcomments&post=157"}],"version-history":[{"count":41,"href":"https:\/\/www.poetik.ch\/index.php?rest_route=\/wp\/v2\/pages\/157\/revisions"}],"predecessor-version":[{"id":1859,"href":"https:\/\/www.poetik.ch\/index.php?rest_route=\/wp\/v2\/pages\/157\/revisions\/1859"}],"wp:featuredmedia":[{"embeddable":true,"href":"https:\/\/www.poetik.ch\/index.php?rest_route=\/wp\/v2\/media\/185"}],"wp:attachment":[{"href":"https:\/\/www.poetik.ch\/index.php?rest_route=%2Fwp%2Fv2%2Fmedia&parent=157"}],"curies":[{"name":"wp","href":"https:\/\/api.w.org\/{rel}","templated":true}]}}